{"id":61,"date":"2015-06-08T11:08:10","date_gmt":"2015-06-08T09:08:10","guid":{"rendered":"http:\/\/www.sintecingegneria.it\/vision\/?page_id=61"},"modified":"2017-04-10T13:24:33","modified_gmt":"2017-04-10T11:24:33","slug":"tessuto","status":"publish","type":"page","link":"https:\/\/www.sintecingegneria.it\/visione\/index.php\/campi-di-applicazione\/ispezione\/bobine\/tessuto\/","title":{"rendered":"Tessuto"},"content":{"rendered":"<p><a href=\"http:\/\/www.sintecingegneria.it\/visione\/wp-content\/uploads\/2015\/06\/24230884-red-de-punto-tejido-de-textura-de-fondo-abstracto1.jpg\"><img loading=\"lazy\" class=\" size-full wp-image-56 alignleft\" src=\"http:\/\/www.sintecingegneria.it\/visione\/wp-content\/uploads\/2015\/06\/24230884-red-de-punto-tejido-de-textura-de-fondo-abstracto1.jpg\" alt=\"24230884-red-de-punto-tejido-de-textura-de-fondo-abstracto[1]\" width=\"168\" height=\"168\" srcset=\"https:\/\/www.sintecingegneria.it\/visione\/wp-content\/uploads\/2015\/06\/24230884-red-de-punto-tejido-de-textura-de-fondo-abstracto1.jpg 168w, https:\/\/www.sintecingegneria.it\/visione\/wp-content\/uploads\/2015\/06\/24230884-red-de-punto-tejido-de-textura-de-fondo-abstracto1-150x150.jpg 150w\" sizes=\"(max-width: 168px) 100vw, 168px\" \/><\/a>L`ispezione visiva sul tessuto \u00e8 necessaria in presenza dei seguenti difetti: <strong>macchie, disuniformit\u00e0, errori di formazione, ispessimenti, pieghe, strisce, difetti di rivestimento, buchi, difetti di goffratura della calandra, rarefazioni, stramatura<\/strong>.<br \/>\nCon i nostri sistemi possiamo fornire informazioni come <strong>dimensioni della trama, difettosit\u00e0 della trama, difettosit\u00e0 del colore, disuniformit\u00e0 del colore<\/strong> e fornire segnalazioni diversificate per ogni problema rilevato oppure fornire un segnale di scarto per il sistema di scarto.<\/p>","protected":false},"excerpt":{"rendered":"<p>L`ispezione visiva sul tessuto \u00e8 necessaria in presenza dei seguenti difetti: macchie, disuniformit\u00e0, errori di formazione, ispessimenti, pieghe, strisce, difetti di rivestimento, buchi, difetti di goffratura della calandra, rarefazioni, stramatura. Con i nostri sistemi possiamo fornire informazioni come dimensioni della trama, difettosit\u00e0 della trama, difettosit\u00e0 del colore, disuniformit\u00e0 del colore e fornire segnalazioni diversificate per <a href=\"https:\/\/www.sintecingegneria.it\/visione\/index.php\/campi-di-applicazione\/ispezione\/bobine\/tessuto\/\" rel=\"nofollow\"><span class=\"sr-only\">Leggi di pi\u00f9Tessuto<\/span>[&hellip;]<\/a><\/p>\n","protected":false},"author":1,"featured_media":0,"parent":441,"menu_order":0,"comment_status":"closed","ping_status":"closed","template":"","meta":[],"_links":{"self":[{"href":"https:\/\/www.sintecingegneria.it\/visione\/index.php\/wp-json\/wp\/v2\/pages\/61"}],"collection":[{"href":"https:\/\/www.sintecingegneria.it\/visione\/index.php\/wp-json\/wp\/v2\/pages"}],"about":[{"href":"https:\/\/www.sintecingegneria.it\/visione\/index.php\/wp-json\/wp\/v2\/types\/page"}],"author":[{"embeddable":true,"href":"https:\/\/www.sintecingegneria.it\/visione\/index.php\/wp-json\/wp\/v2\/users\/1"}],"replies":[{"embeddable":true,"href":"https:\/\/www.sintecingegneria.it\/visione\/index.php\/wp-json\/wp\/v2\/comments?post=61"}],"version-history":[{"count":4,"href":"https:\/\/www.sintecingegneria.it\/visione\/index.php\/wp-json\/wp\/v2\/pages\/61\/revisions"}],"predecessor-version":[{"id":499,"href":"https:\/\/www.sintecingegneria.it\/visione\/index.php\/wp-json\/wp\/v2\/pages\/61\/revisions\/499"}],"up":[{"embeddable":true,"href":"https:\/\/www.sintecingegneria.it\/visione\/index.php\/wp-json\/wp\/v2\/pages\/441"}],"wp:attachment":[{"href":"https:\/\/www.sintecingegneria.it\/visione\/index.php\/wp-json\/wp\/v2\/media?parent=61"}],"curies":[{"name":"wp","href":"https:\/\/api.w.org\/{rel}","templated":true}]}}