{"id":443,"date":"2017-04-04T18:02:50","date_gmt":"2017-04-04T16:02:50","guid":{"rendered":"http:\/\/www.sintecingegneria.it\/vision\/?page_id=443"},"modified":"2017-04-05T10:24:12","modified_gmt":"2017-04-05T08:24:12","slug":"scatole","status":"publish","type":"page","link":"https:\/\/www.sintecingegneria.it\/visione\/index.php\/campi-di-applicazione\/ispezione\/scatole\/","title":{"rendered":"Scatole"},"content":{"rendered":"<p>Siamo in grado di verificare che delle confezioni, dopo la stampa, riproducano fedelmente i contenuti di un file PDF, un altro formato digitale oppure un campione materiale. Per assicurare l&#8217;accuratezza di quanto stampato sulla scatola, controlli possono essere effettuati sulle varie facce o su aree specifiche. L&#8217;ispezione pu\u00f2 riguardare testi, immagini, codici ed \u00e8 anche possibile rilevare la presenza di difetti di stampa come macchie ed aree non leggibili. \u00c8 anche possibile controllare dettagli dell&#8217;inchiostratura. Il rilevamento di errore pu\u00f2 essere regolato impostando diverse soglie di tolleranza ed al loro attraversamento si pu\u00f2 inviare alla macchina ospite un segnale per gestire l&#8217;evento. Il processo di acquisizione dell&#8217;immagine pu\u00f2 essere mostrato in tempo reale sullo schermo ed in ogni caso tutte le informazioni necessarie possono essere archiviate in un database.<\/p>\n<p>Tra le ispezioni possibili \u00e8 anche contemplata la possibilit\u00e0 di rilevare lembi aperti ed altre irregolarit\u00e0.<\/p>\n<p>I nostri sistemi sono sviluppati tenendo a mente l&#8217;intera durata della vita utile della macchina. Costi di riparazione, fabbisogno energetico, periodi di manutenzione ed espandibilit\u00e0. Sempre ponendo attenzione alle nuove tecnologie, alla qualit\u00e0 dei materiali utilizzati e ricercando un&#8217;elevata flessibilit\u00e0. Un sistema esistente pu\u00f2 essere modificato, anche a distanza di anni, per adattarsi a nuovi tipi e formati di contenitori.<\/p>","protected":false},"excerpt":{"rendered":"<p>Siamo in grado di verificare che delle confezioni, dopo la stampa, riproducano fedelmente i contenuti di un file PDF, un altro formato digitale oppure un campione materiale. Per assicurare l&#8217;accuratezza di quanto stampato sulla scatola, controlli possono essere effettuati sulle varie facce o su aree specifiche. L&#8217;ispezione pu\u00f2 riguardare testi, immagini, codici ed \u00e8 anche <a href=\"https:\/\/www.sintecingegneria.it\/visione\/index.php\/campi-di-applicazione\/ispezione\/scatole\/\" rel=\"nofollow\"><span class=\"sr-only\">Leggi di pi\u00f9Scatole<\/span>[&hellip;]<\/a><\/p>\n","protected":false},"author":1,"featured_media":0,"parent":436,"menu_order":0,"comment_status":"closed","ping_status":"closed","template":"","meta":[],"_links":{"self":[{"href":"https:\/\/www.sintecingegneria.it\/visione\/index.php\/wp-json\/wp\/v2\/pages\/443"}],"collection":[{"href":"https:\/\/www.sintecingegneria.it\/visione\/index.php\/wp-json\/wp\/v2\/pages"}],"about":[{"href":"https:\/\/www.sintecingegneria.it\/visione\/index.php\/wp-json\/wp\/v2\/types\/page"}],"author":[{"embeddable":true,"href":"https:\/\/www.sintecingegneria.it\/visione\/index.php\/wp-json\/wp\/v2\/users\/1"}],"replies":[{"embeddable":true,"href":"https:\/\/www.sintecingegneria.it\/visione\/index.php\/wp-json\/wp\/v2\/comments?post=443"}],"version-history":[{"count":4,"href":"https:\/\/www.sintecingegneria.it\/visione\/index.php\/wp-json\/wp\/v2\/pages\/443\/revisions"}],"predecessor-version":[{"id":447,"href":"https:\/\/www.sintecingegneria.it\/visione\/index.php\/wp-json\/wp\/v2\/pages\/443\/revisions\/447"}],"up":[{"embeddable":true,"href":"https:\/\/www.sintecingegneria.it\/visione\/index.php\/wp-json\/wp\/v2\/pages\/436"}],"wp:attachment":[{"href":"https:\/\/www.sintecingegneria.it\/visione\/index.php\/wp-json\/wp\/v2\/media?parent=443"}],"curies":[{"name":"wp","href":"https:\/\/api.w.org\/{rel}","templated":true}]}}