{"id":441,"date":"2017-04-04T17:35:10","date_gmt":"2017-04-04T15:35:10","guid":{"rendered":"http:\/\/www.sintecingegneria.it\/vision\/?page_id=441"},"modified":"2017-04-10T11:59:18","modified_gmt":"2017-04-10T09:59:18","slug":"bobine","status":"publish","type":"page","link":"https:\/\/www.sintecingegneria.it\/visione\/index.php\/campi-di-applicazione\/ispezione\/bobine\/","title":{"rendered":"Bobine"},"content":{"rendered":"<p><a href=\"http:\/\/www.sintecingegneria.it\/visione\/wp-content\/uploads\/2017\/03\/ispezione.png\" target=\"_blank\"><img loading=\"lazy\" class=\"  aligncenter wp-image-272 size-full\" src=\"http:\/\/www.sintecingegneria.it\/visione\/wp-content\/uploads\/2017\/03\/ispezione.png\" alt=\"Ispezione materiale in rotolo o bobina\" width=\"900\" height=\"492\" srcset=\"https:\/\/www.sintecingegneria.it\/visione\/wp-content\/uploads\/2017\/03\/ispezione.png 900w, https:\/\/www.sintecingegneria.it\/visione\/wp-content\/uploads\/2017\/03\/ispezione-300x164.png 300w\" sizes=\"(max-width: 900px) 100vw, 900px\" \/><\/a><\/p>\n<p>Effettuare un&#8217;analisi visiva di carta (<em>carta patinata, carta satinata, carta ondulata, cartone, carta fine, carta colorata<\/em>), tessuto (<em>fibre animali o vegetali, sintetico, a maglie fine o larghe, idrorepellente, ignifugo, semplice o con decorazioni<\/em>), plastica (<em>lastre e pavimenti in PVC, film per rivestimento, plastiche rivestite, lastre stampate in PET, nastri adesivi, pellicole alimentari<\/em>) o laminati (<em>lamiere stirate, bugnate, forate, ondulate; in ferro, acciaio, alluminio, ottone e rame<\/em>) \u00e8 necessario quando si devono rilevare difettosit\u00e0 originatesi durante la fase di produzione od utilizzo.<\/p>\n<p>I vantaggi risiedono nel poter velocizzare il processo di analisi dei difetti rispetto all\u2019ispezione umana, senza possibilit\u00e0 di fuori tolleranze. Durante la procedura di controllo \u00e8 possibile salvare uno storico degli eventi ed avere notifiche visive (tramite segnalatore luminoso), acustiche (mediante sirena o cicalino) oppure elettriche verso la macchina a valle, che pu\u00f2 decidere di scartare il tratto di materiale.<\/p>\n<p>L&#8217;acquisizione e l&#8217;elaborazione delle immagini (tra cui analisi statistica e blotch) pu\u00f2 essere effettuata anche in scala di grigi e monocromia. Inoltre \u00e8 possibile svolgere controlli con luce UV (ultravioletta) nonch\u00e9 andare ad ispezionare uno strato specifico del materiale in esame.<\/p>\n<p><a href=\"http:\/\/www.sintecingegneria.it\/visione\/wp-content\/uploads\/2017\/03\/report.png\" target=\"_blank\"><img loading=\"lazy\" class=\"  aligncenter wp-image-273 size-full\" src=\"http:\/\/www.sintecingegneria.it\/visione\/wp-content\/uploads\/2017\/03\/report.png\" alt=\"Report materiale in rotolo o bobina\" width=\"900\" height=\"506\" srcset=\"https:\/\/www.sintecingegneria.it\/visione\/wp-content\/uploads\/2017\/03\/report.png 900w, https:\/\/www.sintecingegneria.it\/visione\/wp-content\/uploads\/2017\/03\/report-300x169.png 300w\" sizes=\"(max-width: 900px) 100vw, 900px\" \/><\/a><\/p>\n<p>Alcuni esempi di materiali in bobina:<\/p>\n<ul>\n<li><a href=\"http:\/\/www.sintecingegneria.it\/visione\/index.php\/ispezione\/bobine\/carta\/\">Carta<\/a><\/li>\n<li><a href=\"http:\/\/www.sintecingegneria.it\/visione\/index.php\/ispezione\/bobine\/tessuto\/\">Tessuto<\/a><\/li>\n<li><a href=\"http:\/\/www.sintecingegneria.it\/visione\/index.php\/ispezione\/bobine\/plastica\/\">Plastica<\/a><\/li>\n<li><a href=\"http:\/\/www.sintecingegneria.it\/visione\/index.php\/ispezione\/bobine\/lamiera\/\">Lamiera<\/a><\/li>\n<\/ul>\n<p><\/p>","protected":false},"excerpt":{"rendered":"<p>Effettuare un&#8217;analisi visiva di carta (carta patinata, carta satinata, carta ondulata, cartone, carta fine, carta colorata), tessuto (fibre animali o vegetali, sintetico, a maglie fine o larghe, idrorepellente, ignifugo, semplice o con decorazioni), plastica (lastre e pavimenti in PVC, film per rivestimento, plastiche rivestite, lastre stampate in PET, nastri adesivi, pellicole alimentari) o laminati (lamiere <a href=\"https:\/\/www.sintecingegneria.it\/visione\/index.php\/campi-di-applicazione\/ispezione\/bobine\/\" rel=\"nofollow\"><span class=\"sr-only\">Leggi di pi\u00f9Bobine<\/span>[&hellip;]<\/a><\/p>\n","protected":false},"author":1,"featured_media":0,"parent":436,"menu_order":0,"comment_status":"closed","ping_status":"closed","template":"","meta":[],"_links":{"self":[{"href":"https:\/\/www.sintecingegneria.it\/visione\/index.php\/wp-json\/wp\/v2\/pages\/441"}],"collection":[{"href":"https:\/\/www.sintecingegneria.it\/visione\/index.php\/wp-json\/wp\/v2\/pages"}],"about":[{"href":"https:\/\/www.sintecingegneria.it\/visione\/index.php\/wp-json\/wp\/v2\/types\/page"}],"author":[{"embeddable":true,"href":"https:\/\/www.sintecingegneria.it\/visione\/index.php\/wp-json\/wp\/v2\/users\/1"}],"replies":[{"embeddable":true,"href":"https:\/\/www.sintecingegneria.it\/visione\/index.php\/wp-json\/wp\/v2\/comments?post=441"}],"version-history":[{"count":7,"href":"https:\/\/www.sintecingegneria.it\/visione\/index.php\/wp-json\/wp\/v2\/pages\/441\/revisions"}],"predecessor-version":[{"id":487,"href":"https:\/\/www.sintecingegneria.it\/visione\/index.php\/wp-json\/wp\/v2\/pages\/441\/revisions\/487"}],"up":[{"embeddable":true,"href":"https:\/\/www.sintecingegneria.it\/visione\/index.php\/wp-json\/wp\/v2\/pages\/436"}],"wp:attachment":[{"href":"https:\/\/www.sintecingegneria.it\/visione\/index.php\/wp-json\/wp\/v2\/media?parent=441"}],"curies":[{"name":"wp","href":"https:\/\/api.w.org\/{rel}","templated":true}]}}