{"id":425,"date":"2017-04-04T11:59:28","date_gmt":"2017-04-04T09:59:28","guid":{"rendered":"http:\/\/www.sintecingegneria.it\/vision\/?page_id=425"},"modified":"2017-04-10T13:27:38","modified_gmt":"2017-04-10T11:27:38","slug":"analisi-dimensioni","status":"publish","type":"page","link":"https:\/\/www.sintecingegneria.it\/visione\/index.php\/campi-di-applicazione\/misura\/analisi-dimensioni\/","title":{"rendered":"Analisi dimensioni"},"content":{"rendered":"<p>Tra le misurazioni pi\u00f9 interessanti che la visione artificiale \u00e8 in grado di eseguire abbiamo l&#8217;analisi dimensionale.<\/p>\n<p>&nbsp;<\/p>\n<p><a href=\"http:\/\/www.sintecingegneria.it\/visione\/wp-content\/uploads\/2017\/03\/controllo-intro.jpg\"><img loading=\"lazy\" class=\"  wp-image-277 alignnone\" src=\"http:\/\/www.sintecingegneria.it\/visione\/wp-content\/uploads\/2017\/03\/controllo-intro.jpg\" alt=\"Controllo difettosit\u00e0\" width=\"235\" height=\"188\" srcset=\"https:\/\/www.sintecingegneria.it\/visione\/wp-content\/uploads\/2017\/03\/controllo-intro.jpg 600w, https:\/\/www.sintecingegneria.it\/visione\/wp-content\/uploads\/2017\/03\/controllo-intro-300x240.jpg 300w\" sizes=\"(max-width: 235px) 100vw, 235px\" \/><\/a><\/p>\n<p>Infatti nel controllo di difettosit\u00e0, per vari materiali, oltre a vari tipi di problemi \u00e8 anche possibile rilevare le dimensioni di interesse. Ad esempio nel caso dei tessuti i nostri sistemi sono in grado di ottenere informazioni come <strong>dimensioni e difettosit\u00e0 della trama, difettosit\u00e0 e disuniformit\u00e0 del colore.<\/strong><\/p>\n<p>&nbsp;<\/p>\n<p><a href=\"http:\/\/www.sintecingegneria.it\/visione\/wp-content\/uploads\/2017\/03\/ispezione-intro.jpg\"><img loading=\"lazy\" class=\"alignnone  wp-image-280\" src=\"http:\/\/www.sintecingegneria.it\/visione\/wp-content\/uploads\/2017\/03\/ispezione-intro.jpg\" alt=\"Intro ispezioni prodotto\" width=\"159\" height=\"154\" \/><\/a><\/p>\n<p>Oltre che ad un&#8217;analisi sui materiali \u00e8 anche possibile effettuare diversi controlli sui prodotti. Ad esempio riconoscimento dimensionale e posizionale, rilevamento presenza\/assenza, sagomatura e pattern-matching.<\/p>\n<p>C&#8217;\u00e8 la possibilit\u00e0 di fornire diversi segnali a seconda del problema rilevato oppure inviare direttamente un segnale di scarto al relativo sistema. Tutti i difetti possono essere memorizzati in un database con cliente, prodotto, commessa, geometria della difettosit\u00e0, dimensione, posizione, pigmentazione, data e ora. Si possono anche memorizzare informazioni relative al tipo di difettosit\u00e0 riscontrata (trama non rispettata, macchia, &#8230;) e specifiche per una certa lavorazione, come ad esempio la colorazione (tricromia, quadricromia o Tinta-Saturazione-Luminanza). Oltre all&#8217;analisi cromatica, attraverso l&#8217;elaborazione delle immagini acquisite, \u00e8 possibile eseguire anche quella dimensionale e morfologica.<\/p>","protected":false},"excerpt":{"rendered":"<p>Tra le misurazioni pi\u00f9 interessanti che la visione artificiale \u00e8 in grado di eseguire abbiamo l&#8217;analisi dimensionale. &nbsp; Infatti nel controllo di difettosit\u00e0, per vari materiali, oltre a vari tipi di problemi \u00e8 anche possibile rilevare le dimensioni di interesse. Ad esempio nel caso dei tessuti i nostri sistemi sono in grado di ottenere informazioni <a href=\"https:\/\/www.sintecingegneria.it\/visione\/index.php\/campi-di-applicazione\/misura\/analisi-dimensioni\/\" rel=\"nofollow\"><span class=\"sr-only\">Leggi di pi\u00f9Analisi dimensioni<\/span>[&hellip;]<\/a><\/p>\n","protected":false},"author":1,"featured_media":0,"parent":423,"menu_order":0,"comment_status":"closed","ping_status":"closed","template":"","meta":[],"_links":{"self":[{"href":"https:\/\/www.sintecingegneria.it\/visione\/index.php\/wp-json\/wp\/v2\/pages\/425"}],"collection":[{"href":"https:\/\/www.sintecingegneria.it\/visione\/index.php\/wp-json\/wp\/v2\/pages"}],"about":[{"href":"https:\/\/www.sintecingegneria.it\/visione\/index.php\/wp-json\/wp\/v2\/types\/page"}],"author":[{"embeddable":true,"href":"https:\/\/www.sintecingegneria.it\/visione\/index.php\/wp-json\/wp\/v2\/users\/1"}],"replies":[{"embeddable":true,"href":"https:\/\/www.sintecingegneria.it\/visione\/index.php\/wp-json\/wp\/v2\/comments?post=425"}],"version-history":[{"count":3,"href":"https:\/\/www.sintecingegneria.it\/visione\/index.php\/wp-json\/wp\/v2\/pages\/425\/revisions"}],"predecessor-version":[{"id":501,"href":"https:\/\/www.sintecingegneria.it\/visione\/index.php\/wp-json\/wp\/v2\/pages\/425\/revisions\/501"}],"up":[{"embeddable":true,"href":"https:\/\/www.sintecingegneria.it\/visione\/index.php\/wp-json\/wp\/v2\/pages\/423"}],"wp:attachment":[{"href":"https:\/\/www.sintecingegneria.it\/visione\/index.php\/wp-json\/wp\/v2\/media?parent=425"}],"curies":[{"name":"wp","href":"https:\/\/api.w.org\/{rel}","templated":true}]}}