{"id":304,"date":"2017-03-07T17:48:44","date_gmt":"2017-03-07T16:48:44","guid":{"rendered":"http:\/\/www.sintecingegneria.it\/vision\/?page_id=304"},"modified":"2017-04-10T13:08:29","modified_gmt":"2017-04-10T11:08:29","slug":"datamatrix-qr-code","status":"publish","type":"page","link":"https:\/\/www.sintecingegneria.it\/visione\/index.php\/campi-di-applicazione\/confronto\/datamatrix-qr-code\/","title":{"rendered":"Datamatrix \/ QR Code"},"content":{"rendered":"<p><a href=\"http:\/\/www.sintecingegneria.it\/visione\/wp-content\/uploads\/2017\/03\/datamatrix-sx_2.png\"><img loading=\"lazy\" class=\"alignnone size-full wp-image-352\" src=\"http:\/\/www.sintecingegneria.it\/visione\/wp-content\/uploads\/2017\/03\/datamatrix-sx_2.png\" alt=\"Datamatrix\" width=\"1119\" height=\"229\" srcset=\"https:\/\/www.sintecingegneria.it\/visione\/wp-content\/uploads\/2017\/03\/datamatrix-sx_2.png 1119w, https:\/\/www.sintecingegneria.it\/visione\/wp-content\/uploads\/2017\/03\/datamatrix-sx_2-300x61.png 300w, https:\/\/www.sintecingegneria.it\/visione\/wp-content\/uploads\/2017\/03\/datamatrix-sx_2-1024x210.png 1024w\" sizes=\"(max-width: 1119px) 100vw, 1119px\" \/><\/a><\/p>\n<p>I codici bidimensionali (2D) codificano l&#8217;informazione sfruttando l&#8217;altezza e la larghezza di una matrice. Anche questa tipologia di codice pu\u00f2 essere usata per identificare un oggetto od un prodotto. Essendo per\u00f2 in grado di contenere pi\u00f9 informazioni rispetto ai codici monodimensionali, sono anche utilizzati, ad esempio, per riportare dati relativi a spedizioni o cartelle mediche.<\/p>\n<p>Per alcuni tipi di codice possiamo riconoscere diverse codifiche. Sono anche supportate diverse tecniche di rilevamento e correzione d&#8217;errore, che consentono di recuperare l&#8217;informazione anche in caso di immagini non ottimali.<\/p>\n<p>Questi i tipi di codici bidimensionali che siamo in grado di acquisire:<\/p>\n<ul>\n<li>Data Matrix<\/li>\n<li>PDF417<\/li>\n<li>MicroPDF417<\/li>\n<li>Maxicode<\/li>\n<li>Truncated PDF417<\/li>\n<li>QR Code<\/li>\n<\/ul>\n<p>Le nostre macchine possono garantire una velocit\u00e0 di lettura pari a 100.000 codici al minuto. Anche nel caso di immagini ruotate.<\/p>\n<p><a href=\"http:\/\/www.sintecingegneria.it\/visione\/wp-content\/uploads\/2017\/03\/datamatrix-dx.png\"><img loading=\"lazy\" class=\"alignnone size-full wp-image-351\" src=\"http:\/\/www.sintecingegneria.it\/visione\/wp-content\/uploads\/2017\/03\/datamatrix-dx.png\" alt=\"Datamatrix 2\" width=\"1122\" height=\"223\" srcset=\"https:\/\/www.sintecingegneria.it\/visione\/wp-content\/uploads\/2017\/03\/datamatrix-dx.png 1122w, https:\/\/www.sintecingegneria.it\/visione\/wp-content\/uploads\/2017\/03\/datamatrix-dx-300x60.png 300w, https:\/\/www.sintecingegneria.it\/visione\/wp-content\/uploads\/2017\/03\/datamatrix-dx-1024x204.png 1024w\" sizes=\"(max-width: 1122px) 100vw, 1122px\" \/><\/a><\/p>\n<p>Esiste anche la possibilit\u00e0 di riconoscere codici compositi, costituiti cio\u00e8 da diverse combinazioni di codici monodimensionali e bidimensionali. Di solito in questi casi il codice 1D fornisce un identificativo dell&#8217;oggetto, mentre quello 2D d\u00e0 ulteriori informazioni (ad es. numero di lotto e data di scadenza). Inoltre potete contattarci per sapere se, rispetto a quelle elencate, possono essere elaborate ulteriori tipologie di codici.<\/p>","protected":false},"excerpt":{"rendered":"<p>I codici bidimensionali (2D) codificano l&#8217;informazione sfruttando l&#8217;altezza e la larghezza di una matrice. Anche questa tipologia di codice pu\u00f2 essere usata per identificare un oggetto od un prodotto. Essendo per\u00f2 in grado di contenere pi\u00f9 informazioni rispetto ai codici monodimensionali, sono anche utilizzati, ad esempio, per riportare dati relativi a spedizioni o cartelle mediche. <a href=\"https:\/\/www.sintecingegneria.it\/visione\/index.php\/campi-di-applicazione\/confronto\/datamatrix-qr-code\/\" rel=\"nofollow\"><span class=\"sr-only\">Leggi di pi\u00f9Datamatrix \/ QR Code<\/span>[&hellip;]<\/a><\/p>\n","protected":false},"author":1,"featured_media":0,"parent":249,"menu_order":0,"comment_status":"closed","ping_status":"closed","template":"","meta":[],"_links":{"self":[{"href":"https:\/\/www.sintecingegneria.it\/visione\/index.php\/wp-json\/wp\/v2\/pages\/304"}],"collection":[{"href":"https:\/\/www.sintecingegneria.it\/visione\/index.php\/wp-json\/wp\/v2\/pages"}],"about":[{"href":"https:\/\/www.sintecingegneria.it\/visione\/index.php\/wp-json\/wp\/v2\/types\/page"}],"author":[{"embeddable":true,"href":"https:\/\/www.sintecingegneria.it\/visione\/index.php\/wp-json\/wp\/v2\/users\/1"}],"replies":[{"embeddable":true,"href":"https:\/\/www.sintecingegneria.it\/visione\/index.php\/wp-json\/wp\/v2\/comments?post=304"}],"version-history":[{"count":13,"href":"https:\/\/www.sintecingegneria.it\/visione\/index.php\/wp-json\/wp\/v2\/pages\/304\/revisions"}],"predecessor-version":[{"id":493,"href":"https:\/\/www.sintecingegneria.it\/visione\/index.php\/wp-json\/wp\/v2\/pages\/304\/revisions\/493"}],"up":[{"embeddable":true,"href":"https:\/\/www.sintecingegneria.it\/visione\/index.php\/wp-json\/wp\/v2\/pages\/249"}],"wp:attachment":[{"href":"https:\/\/www.sintecingegneria.it\/visione\/index.php\/wp-json\/wp\/v2\/media?parent=304"}],"curies":[{"name":"wp","href":"https:\/\/api.w.org\/{rel}","templated":true}]}}