{"id":308,"date":"2020-07-20T16:17:13","date_gmt":"2020-07-20T14:17:13","guid":{"rendered":"http:\/\/www.sintecingegneria.it\/?page_id=308"},"modified":"2020-07-20T16:58:01","modified_gmt":"2020-07-20T14:58:01","slug":"cookies","status":"publish","type":"page","link":"http:\/\/www.sintecingegneria.it\/index.php\/cookies\/","title":{"rendered":"Informativa estesa sull&#8217;uso dei cookie"},"content":{"rendered":"<p><strong>Cosa sono i cookie?<\/strong><\/p>\n<p>I\u00a0<em>cookie\u00a0<\/em>sono informazioni immesse sul tuo browser quando visiti un sito\u00a0<em>web<\/em>\u00a0con il tuo pc,\u00a0<em>smartphone\u00a0<\/em>o\u00a0<em>tablet<\/em>.<\/p>\n<p>Ogni\u00a0<em>cookie\u00a0<\/em>contiene diversi dati come, ad esempio, il nome del\u00a0<em>server\u00a0<\/em>da cui proviene, un identificatore numerico, ecc..<\/p>\n<p>I\u00a0<em>cookie\u00a0<\/em>possono rimanere nel sistema per la durata di una sessione (cio\u00e8 fino a che non si chiude il\u00a0<em>browser\u00a0<\/em>utilizzato per la navigazione sul\u00a0<em>web<\/em>) o per lunghi periodi e possono contenere un codice identificativo unico.<\/p>\n<p>&nbsp;<\/p>\n<p><strong>A cosa servono i cookie?<\/strong><\/p>\n<p>Alcuni\u00a0<em>cookie\u00a0<\/em>sono usati per eseguire autenticazioni informatiche, monitoraggio di sessioni e memorizzazione di informazioni specifiche sugli utenti che accedono ad una pagina\u00a0<em>web<\/em>.<\/p>\n<p>Questi\u00a0<em>cookie<\/em>, cosiddetti\u00a0<strong>tecnici<\/strong>, sono spesso utili, perch\u00e9 possono rendere pi\u00f9 veloce e rapida la navigazione e fruizione del\u00a0<em>web<\/em>, perch\u00e9 ad esempio intervengono a facilitare alcune procedure quando fai acquisti\u00a0<em>online<\/em>, quando ti autentichi ad aree ad accesso riservato o quando un sito\u00a0<em>web\u00a0<\/em>riconosce in automatico la lingua che utilizzi di solito.<\/p>\n<p>Una particolare tipologia di\u00a0<em>cookie<\/em>, detti\u00a0<em>analytics<\/em>, sono poi utilizzati dai gestori dei siti\u00a0<em>web\u00a0<\/em>per raccogliere informazioni, in forma aggregata, sul numero degli utenti e su come questi visitano il sito stesso, e quindi elaborare statistiche generali sul servizio e sul suo utilizzo.<\/p>\n<p>Altri\u00a0<em>cookie\u00a0<\/em>possono invece essere utilizzati per monitorare e profilare gli utenti durante la navigazione, studiare i loro movimenti e abitudini di consultazione del\u00a0<em>web\u00a0<\/em>o di consumo (cosa comprano, cosa leggono, ecc.), anche allo scopo di inviare pubblicit\u00e0 di servizi mirati e personalizzati (<em>c.d. Behavioural Advertising<\/em>). Parliamo in questo caso di\u00a0<em>cookie\u00a0<\/em><strong>di profilazione.<\/strong><\/p>\n<p>Ci\u00f2 accade perch\u00e9 quegli spazi\u00a0<em>web\u00a0<\/em>sono progettati per riconoscere il tuo pc o un altro terminale che usi per collegarti al\u00a0<em>web\u00a0<\/em>(<em>smartphone,\u00a0tablet<\/em>), ed eventualmente indirizzarti messaggi promozionali &#8220;profilati&#8221; in base alle tue ricerche e al tuo utilizzo di Internet.<\/p>\n<p>Pu\u00f2 accadere anche che una pagina\u00a0<em>web\u00a0<\/em>contenga\u00a0<em>cookie\u00a0<\/em>provenienti da altri siti e contenuti in vari elementi ospitati sulla pagina stessa, come ad esempio\u00a0<em>banner\u00a0<\/em>pubblicitari, immagini, video, ecc.. Parliamo, in questi casi, dei cosiddetti\u00a0<em>cookie\u00a0<\/em><strong>terze parti<\/strong>, che di solito sono utilizzati a fini di profilazione.<\/p>\n<p>Cos\u00ec i\u00a0<em>cookie\u00a0<\/em>che scarichi su pc,\u00a0<em>smartphone\u00a0<\/em>e\u00a0<em>tablet\u00a0<\/em>possono essere letti anche da altri soggetti, diversi da quelli che gestiscono le pagine\u00a0<em>web\u00a0<\/em>che visiti.<\/p>\n<p>&nbsp;<\/p>\n<p><strong>I cookie e la privacy<\/strong><\/p>\n<p>Considerata la particolare invasivit\u00e0 che i\u00a0<em>cookie di profilazione<\/em>\u00a0(soprattutto quelli terze parti) possono avere nell\u00b4ambito della sfera privata degli utenti, la normativa europea e italiana prevedono che l\u00b4utente debba essere adeguatamente informato sull\u00b4uso degli stessi ed esprimere il proprio valido consenso all\u00b4inserimento dei cookie sul suo terminale.<\/p>\n<p>In particolare, con il provvedimento\u00a0<strong>&#8220;Individuazione delle modalit\u00e0 semplificate per l\u00b4informativa e l\u00b4acquisizione del consenso per l\u00b4uso dei cookie&#8221;<\/strong><strong>\u00a0dell\u00b48 maggio 2014 <\/strong>il Garante per la protezione dei dati personali ha stabilito che\u00a0 quando si accede alla home page o ad un\u00b4altra pagina di un sito\u00a0<em>web\u00a0<\/em>che usa cookie per finalit\u00e0 di profilazione e\u00a0<em>marketing\u00a0<\/em>deve immediatamente comparire un\u00a0<em>banner\u00a0<\/em>ben visibile, in cui sia indicato chiaramente:<\/p>\n<p>1) che il sito utilizza cookie di profilazione per inviare messaggi pubblicitari mirati;<\/p>\n<p>2) che il sito consente anche l\u00b4invio di cookie di &#8220;terze parti&#8221;, in caso di utilizzo di questo tipo di\u00a0<em>cookie,\u00a0<\/em>ossia di cookie installati da un sito diverso tramite il sito che si sta visitando;<\/p>\n<p>3) un link a una informativa pi\u00f9 ampia, con le\u00a0 indicazioni sull\u00b4uso dei cookie inviati dal sito, dove \u00e8 possibile negare il consenso alla loro installazione direttamente\u00a0 o collegandosi ai vari siti nel caso dei cookie di &#8220;terze parti&#8221;;<\/p>\n<p>4) l\u00b4indicazione che proseguendo nella navigazione<em>\u00a0(ad es., accedendo ad un\u00b4altra area del sito o selezionando un\u00b4immagine o un link)<\/em>\u00a0 si presta il consenso all\u00b4uso dei\u00a0<em>cookie<\/em>.<\/p>\n<p>&nbsp;<\/p>\n<p><strong>Gestione dei cookie<\/strong><\/p>\n<p>L&#8217;utente pu\u00f2 decidere se accettare o meno i cookie utilizzando le impostazioni del proprio browser.<\/p>\n<p>Attenzione: con la disabilitazione totale o parziale dei cookie tecnici potrebbe compromettere l&#8217;utilizzo ottimale del sito.<\/p>\n<p>La disabilitazione dei cookie &#8220;terze parti&#8221; non pregiudica in alcun modo la navigabilit\u00e0.<\/p>\n<p>L&#8217;impostazione pu\u00f2 essere definita in modo specifico per i diversi siti e applicazioni web. Inoltre i browser consentono di definire impostazioni diverse per i cookie &#8220;proprietari&#8221; e per quelli di &#8220;terze parti&#8221;. A titolo di esempio, in Firefox, attraverso il menu Strumenti-&gt;Opzioni-&gt;Privacy, \u00e8 possibile accedere ad un pannello di controllo dove \u00e8 possibile definire se accettare o meno i diversi tipi di cookie e procedere alla loro rimozione. In internet \u00e8 facilmente reperibile la documentazione su come impostare le regole di gestione dei cookies per il proprio browser, a titolo di esempio si riportano alcuni indirizzi relativi ai principali browser:<\/p>\n<p>&nbsp;<\/p>\n<p>Chrome: https:\/\/support.google.com\/chrome\/answer\/95647?hl=it<\/p>\n<p>Firefox: https:\/\/support.mozilla.org\/it\/kb\/Gestione%20dei%20cookie<\/p>\n<p>Internet Explorer: http:\/\/windows.microsoft.com\/it-it\/windows7\/how-to-manage-cookies-in-internet-explorer-9<\/p>\n<p>Opera: http:\/\/help.opera.com\/Windows\/10.00\/it\/cookies.html<\/p>\n<p>Safari: http:\/\/support.apple.com\/kb\/HT1677?viewlocale=it_IT<\/p>","protected":false},"excerpt":{"rendered":"<p>Cosa sono i cookie? I\u00a0cookie\u00a0sono informazioni immesse sul tuo browser quando visiti un sito\u00a0web\u00a0con il tuo pc,\u00a0smartphone\u00a0o\u00a0tablet. Ogni\u00a0cookie\u00a0contiene diversi dati come, ad esempio, il nome del\u00a0server\u00a0da cui proviene, un identificatore numerico, ecc.. I\u00a0cookie\u00a0possono rimanere nel sistema per la durata di una sessione (cio\u00e8 fino a che non si chiude il\u00a0browser\u00a0utilizzato per la navigazione sul\u00a0web) o <a href=\"http:\/\/www.sintecingegneria.it\/index.php\/cookies\/\" rel=\"nofollow\"><span class=\"sr-only\">Leggi di pi\u00f9Informativa estesa sull&#8217;uso dei cookie<\/span>[&hellip;]<\/a><\/p>\n","protected":false},"author":2,"featured_media":0,"parent":0,"menu_order":0,"comment_status":"closed","ping_status":"closed","template":"","meta":[],"_links":{"self":[{"href":"http:\/\/www.sintecingegneria.it\/index.php\/wp-json\/wp\/v2\/pages\/308"}],"collection":[{"href":"http:\/\/www.sintecingegneria.it\/index.php\/wp-json\/wp\/v2\/pages"}],"about":[{"href":"http:\/\/www.sintecingegneria.it\/index.php\/wp-json\/wp\/v2\/types\/page"}],"author":[{"embeddable":true,"href":"http:\/\/www.sintecingegneria.it\/index.php\/wp-json\/wp\/v2\/users\/2"}],"replies":[{"embeddable":true,"href":"http:\/\/www.sintecingegneria.it\/index.php\/wp-json\/wp\/v2\/comments?post=308"}],"version-history":[{"count":6,"href":"http:\/\/www.sintecingegneria.it\/index.php\/wp-json\/wp\/v2\/pages\/308\/revisions"}],"predecessor-version":[{"id":314,"href":"http:\/\/www.sintecingegneria.it\/index.php\/wp-json\/wp\/v2\/pages\/308\/revisions\/314"}],"wp:attachment":[{"href":"http:\/\/www.sintecingegneria.it\/index.php\/wp-json\/wp\/v2\/media?parent=308"}],"curies":[{"name":"wp","href":"https:\/\/api.w.org\/{rel}","templated":true}]}}